{"id":58,"date":"2014-03-04T20:52:19","date_gmt":"2014-03-04T20:52:19","guid":{"rendered":"http:\/\/rechtsanwalt-oberauer.at\/?page_id=58"},"modified":"2023-10-04T16:04:42","modified_gmt":"2023-10-04T16:04:42","slug":"impressum-2","status":"publish","type":"page","link":"https:\/\/www.rechtsanwalt-oberauer.at\/?page_id=58","title":{"rendered":"Impressum"},"content":{"rendered":"<p>Mag. Dr. Bernhard Oberauer<br \/>\nRechtsanwalt<br \/>\nHauptplatz 17<br \/>\n4910 Ried im Innkreis<\/p>\n<p>Tel.\/Fax: 07752 82882<br \/>\nE-Mail: office[AT]rechtsanwalt-oberauer.at<br \/>\nAnwaltscode: R 409461<br \/>\nUID ATU68472315<br \/>\n<a title=\"Rechtsanwaltskammer Ober\u00f6sterreich\" href=\"http:\/\/www.rechtsanwaelte.at\/buergerservice\/servicecorner\/rechtsanwalt-finden\/?tx_rafinden_simplesearch%5Blid%5D=8900&amp;tx_rafinden_simplesearch%5Baction%5D=show&amp;tx_rafinden_simplesearch%5Bcontroller%5D=LawyerSearch&amp;cHash=b232a657110f957ddc98765747815ecd\">Mitglied Rechtsanwaltskammer Ober\u00f6sterreich<\/a><\/p>\n<p>Bankverbindungen<br \/>\nVolksbank Ober\u00f6sterreich AG<br \/>\nIBAN: AT46 4480 0108 1103 0000<br \/>\nBIC: <i>VBOEATWWOOE<\/i><\/p>\n<p>Sparkasse Ober\u00f6sterreich<br \/>\nIBAN: AT58 2032 0321 0027 9079<br \/>\nBIC: <i>ASPKAT2LXXX<\/i><\/p>\n<p><a href=\"http:\/\/rechtsanwalt-oberauer.at\/wp-content\/uploads\/2017\/12\/Foto_Impressum.jpg\"><img decoding=\"async\" loading=\"lazy\" class=\"size-full wp-image-85 aligncenter\" src=\"http:\/\/rechtsanwalt-oberauer.at\/wp-content\/uploads\/2017\/12\/Foto_Impressum.jpg\" alt=\"\" width=\"1000\" height=\"288\" srcset=\"https:\/\/www.rechtsanwalt-oberauer.at\/wp-content\/uploads\/2017\/12\/Foto_Impressum.jpg 1000w, https:\/\/www.rechtsanwalt-oberauer.at\/wp-content\/uploads\/2017\/12\/Foto_Impressum-300x86.jpg 300w, https:\/\/www.rechtsanwalt-oberauer.at\/wp-content\/uploads\/2017\/12\/Foto_Impressum-768x221.jpg 768w\" sizes=\"(max-width: 1000px) 100vw, 1000px\" \/><\/a><\/p>\n","protected":false},"excerpt":{"rendered":"<p>Mag. Dr. Bernhard Oberauer Rechtsanwalt Hauptplatz 17 4910 Ried im Innkreis Tel.\/Fax: 07752 82882 E-Mail: office[AT]rechtsanwalt-oberauer.at Anwaltscode: R 409461 UID ATU68472315 Mitglied Rechtsanwaltskammer Ober\u00f6sterreich Bankverbindungen Volksbank Ober\u00f6sterreich AG IBAN: AT46 4480 0108 1103 0000 BIC: VBOEATWWOOE Sparkasse Ober\u00f6sterreich IBAN: AT58 2032 0321 0027 9079 BIC: ASPKAT2LXXX<\/p>\n","protected":false},"author":1,"featured_media":0,"parent":0,"menu_order":0,"comment_status":"closed","ping_status":"closed","template":"","meta":[],"_links":{"self":[{"href":"https:\/\/www.rechtsanwalt-oberauer.at\/index.php?rest_route=\/wp\/v2\/pages\/58"}],"collection":[{"href":"https:\/\/www.rechtsanwalt-oberauer.at\/index.php?rest_route=\/wp\/v2\/pages"}],"about":[{"href":"https:\/\/www.rechtsanwalt-oberauer.at\/index.php?rest_route=\/wp\/v2\/types\/page"}],"author":[{"embeddable":true,"href":"https:\/\/www.rechtsanwalt-oberauer.at\/index.php?rest_route=\/wp\/v2\/users\/1"}],"replies":[{"embeddable":true,"href":"https:\/\/www.rechtsanwalt-oberauer.at\/index.php?rest_route=%2Fwp%2Fv2%2Fcomments&post=58"}],"version-history":[{"count":9,"href":"https:\/\/www.rechtsanwalt-oberauer.at\/index.php?rest_route=\/wp\/v2\/pages\/58\/revisions"}],"predecessor-version":[{"id":133,"href":"https:\/\/www.rechtsanwalt-oberauer.at\/index.php?rest_route=\/wp\/v2\/pages\/58\/revisions\/133"}],"wp:attachment":[{"href":"https:\/\/www.rechtsanwalt-oberauer.at\/index.php?rest_route=%2Fwp%2Fv2%2Fmedia&parent=58"}],"curies":[{"name":"wp","href":"https:\/\/api.w.org\/{rel}","templated":true}]}}