{"id":33,"date":"2014-03-04T20:15:37","date_gmt":"2014-03-04T20:15:37","guid":{"rendered":"http:\/\/rechtsanwalt-oberauer.at\/?page_id=33"},"modified":"2017-12-04T19:15:51","modified_gmt":"2017-12-04T19:15:51","slug":"schwerpunkte","status":"publish","type":"page","link":"https:\/\/www.rechtsanwalt-oberauer.at\/?page_id=33","title":{"rendered":"Schwerpunkte"},"content":{"rendered":"<p><strong>Vertragsrecht:<\/strong><br \/>\n\u00dcbergaben, Schenkungen, Kaufvertr\u00e4ge von H\u00e4usern, Bauernh\u00f6fen, Grundst\u00fccken, Begr\u00fcndung Wohnungseigentum, Wohnrechte, Ausgedinge, Belastungs- und Ver\u00e4u\u00dferungsverbote, Geh- und Fahrtrechte, Gesellschaftsgr\u00fcndungen (OG, GmbH,\u2026), etc.<br \/>\n<strong><br \/>\nZivilrecht:<\/strong><br \/>\nEhe,- Familien \u2013 und Eheg\u00fcterrecht<br \/>\nUnterhalt, Obsorge, Besuchsrecht<br \/>\nSchadenersatz- und Gew\u00e4hrleistung<br \/>\nVerkehrsrecht, Unfallsch\u00e4den<br \/>\nMiet- und Wohnrecht<br \/>\nProdukthaftung<br \/>\nErbrecht<\/p>\n<p><strong>Strafrecht:\u00a0<\/strong><br \/>\nVerteidigung, Privatbeteiligung<br \/>\nMedienrecht<\/p>\n<p><strong>\u00d6ffentliches Recht:<\/strong><br \/>\nRaumordnung, Grundverkehr, O\u00d6 BauO<br \/>\nVertretung vor Beh\u00f6rden, Rechtsmittel<br \/>\nVerwaltungsstrafrecht<\/p>\n<p><strong>Wirtschaftsrecht:<\/strong><br \/>\nMarkenschutz- und Urheberrecht<br \/>\nInsolvenzrecht<\/p>\n<p><strong>Au\u00dfergerichtliche Streitbeilegung<\/strong><\/p>\n<p><a href=\"http:\/\/rechtsanwalt-oberauer.at\/wp-content\/uploads\/2017\/12\/FotoSchwerpunkte.jpg\"><img decoding=\"async\" loading=\"lazy\" class=\"size-full wp-image-88 aligncenter\" src=\"http:\/\/rechtsanwalt-oberauer.at\/wp-content\/uploads\/2017\/12\/FotoSchwerpunkte.jpg\" alt=\"\" width=\"1000\" height=\"288\" srcset=\"https:\/\/www.rechtsanwalt-oberauer.at\/wp-content\/uploads\/2017\/12\/FotoSchwerpunkte.jpg 1000w, https:\/\/www.rechtsanwalt-oberauer.at\/wp-content\/uploads\/2017\/12\/FotoSchwerpunkte-300x86.jpg 300w, https:\/\/www.rechtsanwalt-oberauer.at\/wp-content\/uploads\/2017\/12\/FotoSchwerpunkte-768x221.jpg 768w\" sizes=\"(max-width: 1000px) 100vw, 1000px\" \/><\/a><\/p>\n","protected":false},"excerpt":{"rendered":"<p>Vertragsrecht: \u00dcbergaben, Schenkungen, Kaufvertr\u00e4ge von H\u00e4usern, Bauernh\u00f6fen, Grundst\u00fccken, Begr\u00fcndung Wohnungseigentum, Wohnrechte, Ausgedinge, Belastungs- und Ver\u00e4u\u00dferungsverbote, Geh- und Fahrtrechte, Gesellschaftsgr\u00fcndungen (OG, GmbH,\u2026), etc. Zivilrecht: Ehe,- Familien \u2013 und Eheg\u00fcterrecht Unterhalt, Obsorge, Besuchsrecht Schadenersatz- und Gew\u00e4hrleistung Verkehrsrecht, Unfallsch\u00e4den Miet- und Wohnrecht Produkthaftung Erbrecht Strafrecht:\u00a0 Verteidigung, Privatbeteiligung Medienrecht \u00d6ffentliches Recht: Raumordnung, Grundverkehr, O\u00d6 BauO Vertretung vor Beh\u00f6rden, Rechtsmittel &#8230; <a title=\"Schwerpunkte\" class=\"read-more\" href=\"https:\/\/www.rechtsanwalt-oberauer.at\/?page_id=33\" aria-label=\"Mehr dazu unter Schwerpunkte\">Weiterlesen<\/a><\/p>\n","protected":false},"author":1,"featured_media":0,"parent":0,"menu_order":0,"comment_status":"closed","ping_status":"closed","template":"","meta":[],"_links":{"self":[{"href":"https:\/\/www.rechtsanwalt-oberauer.at\/index.php?rest_route=\/wp\/v2\/pages\/33"}],"collection":[{"href":"https:\/\/www.rechtsanwalt-oberauer.at\/index.php?rest_route=\/wp\/v2\/pages"}],"about":[{"href":"https:\/\/www.rechtsanwalt-oberauer.at\/index.php?rest_route=\/wp\/v2\/types\/page"}],"author":[{"embeddable":true,"href":"https:\/\/www.rechtsanwalt-oberauer.at\/index.php?rest_route=\/wp\/v2\/users\/1"}],"replies":[{"embeddable":true,"href":"https:\/\/www.rechtsanwalt-oberauer.at\/index.php?rest_route=%2Fwp%2Fv2%2Fcomments&post=33"}],"version-history":[{"count":5,"href":"https:\/\/www.rechtsanwalt-oberauer.at\/index.php?rest_route=\/wp\/v2\/pages\/33\/revisions"}],"predecessor-version":[{"id":94,"href":"https:\/\/www.rechtsanwalt-oberauer.at\/index.php?rest_route=\/wp\/v2\/pages\/33\/revisions\/94"}],"wp:attachment":[{"href":"https:\/\/www.rechtsanwalt-oberauer.at\/index.php?rest_route=%2Fwp%2Fv2%2Fmedia&parent=33"}],"curies":[{"name":"wp","href":"https:\/\/api.w.org\/{rel}","templated":true}]}}