{"id":26,"date":"2014-03-04T20:07:55","date_gmt":"2014-03-04T20:07:55","guid":{"rendered":"http:\/\/rechtsanwalt-oberauer.at\/?page_id=26"},"modified":"2017-12-04T19:32:54","modified_gmt":"2017-12-04T19:32:54","slug":"kanzlei-2","status":"publish","type":"page","link":"https:\/\/www.rechtsanwalt-oberauer.at\/","title":{"rendered":"Kanzlei"},"content":{"rendered":"<p>Meine Rechtsanwaltskanzlei ist ein rechtlich fundierter und praxisorientierter Anbieter von juristischen Dienstleitungen. Effizient. Transparent. Sozial kompetent.<\/p>\n<p>Meine Klienten profitieren von meiner jahrelangen Erfahrung im streitigen und nicht streitigen Bereich. Rechtzeitige Problemerkennungs- und erh\u00f6hte Probleml\u00f6sungsf\u00e4higkeit sind selbstverst\u00e4ndlich. Mitten im Herzen. Von Ried im Innkreis.<\/p>\n<p><a href=\"http:\/\/rechtsanwalt-oberauer.at\/wp-content\/uploads\/2017\/12\/Foto_Kanzlei.jpg\"><img decoding=\"async\" loading=\"lazy\" class=\"size-full wp-image-86 aligncenter\" src=\"http:\/\/rechtsanwalt-oberauer.at\/wp-content\/uploads\/2017\/12\/Foto_Kanzlei.jpg\" alt=\"\" width=\"1000\" height=\"288\" srcset=\"https:\/\/www.rechtsanwalt-oberauer.at\/wp-content\/uploads\/2017\/12\/Foto_Kanzlei.jpg 1000w, https:\/\/www.rechtsanwalt-oberauer.at\/wp-content\/uploads\/2017\/12\/Foto_Kanzlei-300x86.jpg 300w, https:\/\/www.rechtsanwalt-oberauer.at\/wp-content\/uploads\/2017\/12\/Foto_Kanzlei-768x221.jpg 768w\" sizes=\"(max-width: 1000px) 100vw, 1000px\" \/><\/a><\/p>\n<p>&nbsp;<\/p>\n","protected":false},"excerpt":{"rendered":"<p>Meine Rechtsanwaltskanzlei ist ein rechtlich fundierter und praxisorientierter Anbieter von juristischen Dienstleitungen. Effizient. Transparent. Sozial kompetent. Meine Klienten profitieren von meiner jahrelangen Erfahrung im streitigen und nicht streitigen Bereich. Rechtzeitige Problemerkennungs- und erh\u00f6hte Probleml\u00f6sungsf\u00e4higkeit sind selbstverst\u00e4ndlich. Mitten im Herzen. Von Ried im Innkreis. &nbsp;<\/p>\n","protected":false},"author":1,"featured_media":0,"parent":0,"menu_order":0,"comment_status":"closed","ping_status":"closed","template":"","meta":[],"_links":{"self":[{"href":"https:\/\/www.rechtsanwalt-oberauer.at\/index.php?rest_route=\/wp\/v2\/pages\/26"}],"collection":[{"href":"https:\/\/www.rechtsanwalt-oberauer.at\/index.php?rest_route=\/wp\/v2\/pages"}],"about":[{"href":"https:\/\/www.rechtsanwalt-oberauer.at\/index.php?rest_route=\/wp\/v2\/types\/page"}],"author":[{"embeddable":true,"href":"https:\/\/www.rechtsanwalt-oberauer.at\/index.php?rest_route=\/wp\/v2\/users\/1"}],"replies":[{"embeddable":true,"href":"https:\/\/www.rechtsanwalt-oberauer.at\/index.php?rest_route=%2Fwp%2Fv2%2Fcomments&post=26"}],"version-history":[{"count":16,"href":"https:\/\/www.rechtsanwalt-oberauer.at\/index.php?rest_route=\/wp\/v2\/pages\/26\/revisions"}],"predecessor-version":[{"id":107,"href":"https:\/\/www.rechtsanwalt-oberauer.at\/index.php?rest_route=\/wp\/v2\/pages\/26\/revisions\/107"}],"wp:attachment":[{"href":"https:\/\/www.rechtsanwalt-oberauer.at\/index.php?rest_route=%2Fwp%2Fv2%2Fmedia&parent=26"}],"curies":[{"name":"wp","href":"https:\/\/api.w.org\/{rel}","templated":true}]}}