{"id":110,"date":"2018-06-14T06:06:34","date_gmt":"2018-06-14T06:06:34","guid":{"rendered":"http:\/\/www.rechtsanwalt-oberauer.at\/?page_id=110"},"modified":"2018-06-14T06:10:28","modified_gmt":"2018-06-14T06:10:28","slug":"datenschutz","status":"publish","type":"page","link":"https:\/\/www.rechtsanwalt-oberauer.at\/?page_id=110","title":{"rendered":"Datenschutz"},"content":{"rendered":"<p><strong>DATENSCHUTZINFORMATION<\/strong><\/p>\n<p>Die Sicherheit Ihrer Daten ist uns ein gro\u00dfes Anliegen. Wir verpflichten uns, mit den \u00fcber Sie erfassten Daten mit h\u00f6chster Sorgfalt umzugehen und diese bestm\u00f6glich vor Missbrauch zu sch\u00fctzen. Dazu sind wir auch aus standesrechtlichen Gr\u00fcnden verpflichtet, die uns ganz besondere, gesetzlich gesch\u00fctzte Geheimhaltungsverpflichtungen auferlegen.<\/p>\n<p>Meine Kanzlei erhebt, verarbeitet und nutzt personenbezogene Daten gem\u00e4\u00df der Datenschutzverordnung (DSGVO) und dem \u00f6sterreichischen Datenschutzgesetz (DSG) ausschlie\u00dflich f\u00fcr die eigene T\u00e4tigkeit als Dienstleistungsunternehmen. Im Sinne der Datenschutzgrundverordnung d\u00fcrfen wir Ihnen folgende Informationen dazu geben:<\/p>\n<p>a) Name und Kontaktdaten des Verantwortlichen:<\/p>\n<p>Mag. Dr. Bernhard Oberauer<br \/>\nRechtsanwalt<br \/>\nHauptplatz 17<br \/>\n4910 Ried im Innkreis<\/p>\n<p>Tel.\/Fax: 07752 82882<br \/>\nMobil: 0699 11007087<br \/>\nE-Mail: <a href=\"mailto:office@rechtsanwalt-oberauer.at\">office@rechtsanwalt-oberauer.at<\/a><\/p>\n<p>Internet: <a href=\"http:\/\/www.rechtsanwalt-oberauer.at\">www.rechtsanwalt-oberauer.at<\/a><\/p>\n<p>b)\u00a0Die Verarbeitung personenbezogener Daten erfolgt insbesondere zum Zweck der Erf\u00fcllung eines Vertrags mit der betroffenen Person bzw mit einem Unternehmen, das von der betroffenen Person vertreten wird (insbesondere Mandatsverh\u00e4ltnis) oder zur Durchf\u00fchrung vorvertraglicher Ma\u00dfnahmen, die auf Anfrage der betroffenen Person gem Art 6 Abs 1 lit c DSGVO erfolgen oder zum Zweck der Erf\u00fcllung einer rechtlichen Verpflichtung des Verantwortlichen im Sinne des Art 6 Abs 1 lit c DSGVO oder die Verarbeitung ist zur Wahrung der berechtigten Interessen \u2013 auch zur Geltendmachung, Aus\u00fcbung oder Verteidigung von Rechtsanspr\u00fcchen &#8211; des Verantwortlichen oder eines Dritten gem Art 6 Abs 1 lit f DSGVO erforderlich.<br \/>\nIn den F\u00e4llen einer erteilten Einwilligung erfolgt die Verarbeitung auf der Rechtsgrundlage des Art 6 Abs 1 lit a DSGVO. Daten werden zur Mandanten-, Akten-, Lieferanten- und Bewerberverwaltung verarbeitet.<\/p>\n<p>c) Soweit die Verarbeitung auf Art 6 Abs 1 lit f DSGVO gest\u00fctzt wird, besteht das berechtigte Interesse des Verantwortlichen in der Durchf\u00fchrung von Direktwerbung (Marketing- und Informationsma\u00dfnahmen insbesondere \u00fcber vom Verantwortlichen angebotenen\u00a0 Dienstleistungen).<\/p>\n<p>d) Es gibt folgende Kategorien von Empf\u00e4ngern im Sinne des Art 13 Abs 1 lit e DSGVO:<\/p>\n<ul>\n<li>Auftragsverarbeiter;<\/li>\n<li>Gerichte und Beh\u00f6rden;<\/li>\n<li>Gegner und deren Rechtsvertreter in Auseinandersetzungen mit dem Betroffenen;<\/li>\n<li>Sachverst\u00e4ndige;<\/li>\n<li>Drittanbieter und Kooperationspartner (zB Kreditkartenanbieter, Banken, Substitute, Korrespondenzanwaltskanzleien);<\/li>\n<li>Steuerberater;<\/li>\n<li>Wirtschaftspr\u00fcfungsgesellschaften zur Erf\u00fcllung der Rechnungslegungspflichten;<\/li>\n<\/ul>\n<p>e) die personenbezogenen Daten werden so lange gespeichert, als dies zur<\/p>\n<ul>\n<li>Erf\u00fcllung eines Vertrags mit der betroffenen Person oder<\/li>\n<li>Erf\u00fcllung einer rechtlichen Verpflichtung (zum Beispiel 7-j\u00e4hrige Aufbewahrungsfristen im Sinne des UGB, BAO)<\/li>\n<li>Geltendmachung, Aus\u00fcbung oder Verteidigung von Rechtsanspr\u00fcchen erforderlich ist oder<\/li>\n<li>im Fall einer Einwilligung (insb bei Zusendung elektronischer Nachrichten) bis zum Widerruf durch die betroffene Person.<\/li>\n<\/ul>\n<p>&nbsp;<\/p>\n<p>f) Nach der DSGVO bestehen folgende Betroffenenrechte mit den in den jeweiligen Bestimmungen vorgesehenen Ausnahmen:<\/p>\n<ul>\n<li>Recht auf Auskunft (Art 15 DSGVO),<\/li>\n<li>Recht auf Berichtigung (Art 16 DSGVO),<\/li>\n<li>Recht auf L\u00f6schung (Art 17 DSGVO),<\/li>\n<li>Recht auf Einschr\u00e4nkung der Verarbeitung (Art 18 DSGVO),<\/li>\n<li>Recht auf Widerspruch gegen die Verarbeitung (Art 21 DSGVO),<\/li>\n<li>Recht auf Daten\u00fcbertragbarkeit (Art 20 DSGVO),<\/li>\n<li>Recht auf Beschwerde bei den Aufsichtsbeh\u00f6rden (Art 77 DSGVO, insbesondere \u00f6sterreichische Datenschutzbeh\u00f6rde),<\/li>\n<li>Recht auf Widerruf der Einwilligung (Art 7 Abs 3 DSGVO), sofern die Verarbeitung auf einer Einwilligung beruht, mit Wirkung f\u00fcr die Zukunft.&nbsp;<\/li>\n<\/ul>\n<p>g) Die Bereitstellung der personenbezogenen Daten ist gesetzlich vorgeschrieben oder beruht auf einer vertraglichen Obliegenheit, sodass die betroffene Person verpflichtet ist, dies bereitzustellen und eine Nichtbereitstellung die Ablehnung der Gesch\u00e4ftsbeziehung zur Folge haben k\u00f6nnte.<\/p>\n<p>h)\u00a0Soweit Daten nicht bei der betroffenen Person selbst erhoben werden, k\u00f6nnen zus\u00e4tzlich folgende Kategorien personenbezogener Daten bei \u00f6ffentlich zug\u00e4nglichen Datenbanken (zum Beispiel Grundbuch, Firmenbuch, Ediktsdatei, Zentrales Melderegister) erhoben werden:<\/p>\n<ul>\n<li>Firmenbuchdaten<\/li>\n<li>Bonit\u00e4tsdaten einschlie\u00dflich Daten zum Zahlungsverhalten (zB KSV-Abfragen)<\/li>\n<li>Insolvenzdaten<\/li>\n<li>Meldedaten<\/li>\n<li>Suchmaschinen, Soziale Netzwerke, Websites<\/li>\n<\/ul>\n<p>j) \u00a0N\u00e4here Information zum Widerspruchsrecht gem\u00e4\u00df Art 21 im Zusammenhang mit Direktwerbung:<\/p>\n<p>Werden personenbezogene Daten gem\u00e4\u00df Art 21 Abs 2 DSGVO verarbeitet, so hat die betroffene Person das Recht, jederzeit Widerspruch gegen die Verarbeitung sie betreffender personenbezogener Daten einzulegen. Im Falle eines solchen Widerspruches werden die f\u00fcr Direktwerbung verarbeiteten personenbezogenen Daten nicht mehr verarbeitet.<\/p>\n","protected":false},"excerpt":{"rendered":"<p>DATENSCHUTZINFORMATION Die Sicherheit Ihrer Daten ist uns ein gro\u00dfes Anliegen. Wir verpflichten uns, mit den \u00fcber Sie erfassten Daten mit h\u00f6chster Sorgfalt umzugehen und diese bestm\u00f6glich vor Missbrauch zu sch\u00fctzen. Dazu sind wir auch aus standesrechtlichen Gr\u00fcnden verpflichtet, die uns ganz besondere, gesetzlich gesch\u00fctzte Geheimhaltungsverpflichtungen auferlegen. Meine Kanzlei erhebt, verarbeitet und nutzt personenbezogene Daten gem\u00e4\u00df &#8230; <a title=\"Datenschutz\" class=\"read-more\" href=\"https:\/\/www.rechtsanwalt-oberauer.at\/?page_id=110\" aria-label=\"Mehr dazu unter Datenschutz\">Weiterlesen<\/a><\/p>\n","protected":false},"author":3,"featured_media":0,"parent":0,"menu_order":0,"comment_status":"closed","ping_status":"closed","template":"","meta":[],"_links":{"self":[{"href":"https:\/\/www.rechtsanwalt-oberauer.at\/index.php?rest_route=\/wp\/v2\/pages\/110"}],"collection":[{"href":"https:\/\/www.rechtsanwalt-oberauer.at\/index.php?rest_route=\/wp\/v2\/pages"}],"about":[{"href":"https:\/\/www.rechtsanwalt-oberauer.at\/index.php?rest_route=\/wp\/v2\/types\/page"}],"author":[{"embeddable":true,"href":"https:\/\/www.rechtsanwalt-oberauer.at\/index.php?rest_route=\/wp\/v2\/users\/3"}],"replies":[{"embeddable":true,"href":"https:\/\/www.rechtsanwalt-oberauer.at\/index.php?rest_route=%2Fwp%2Fv2%2Fcomments&post=110"}],"version-history":[{"count":3,"href":"https:\/\/www.rechtsanwalt-oberauer.at\/index.php?rest_route=\/wp\/v2\/pages\/110\/revisions"}],"predecessor-version":[{"id":114,"href":"https:\/\/www.rechtsanwalt-oberauer.at\/index.php?rest_route=\/wp\/v2\/pages\/110\/revisions\/114"}],"wp:attachment":[{"href":"https:\/\/www.rechtsanwalt-oberauer.at\/index.php?rest_route=%2Fwp%2Fv2%2Fmedia&parent=110"}],"curies":[{"name":"wp","href":"https:\/\/api.w.org\/{rel}","templated":true}]}}